{"id":12,"date":"2020-09-24T15:21:26","date_gmt":"2020-09-24T15:21:26","guid":{"rendered":"http:\/\/box2197.temp.domains\/~medicoss\/salvarvidasesnuestravida\/?page_id=12"},"modified":"2020-09-24T18:41:49","modified_gmt":"2020-09-24T18:41:49","slug":"test","status":"publish","type":"page","link":"https:\/\/cst.zro.mybluehost.me\/salvarvidasesnuestravida\/","title":{"rendered":"Home"},"content":{"rendered":"\t\t<div data-elementor-type=\"wp-page\" data-elementor-id=\"12\" class=\"elementor elementor-12\">\n\t\t\t\t\t\t<section class=\"elementor-section elementor-top-section elementor-element elementor-element-500ce29f elementor-section-boxed elementor-section-height-default elementor-section-height-default\" data-id=\"500ce29f\" data-element_type=\"section\" data-e-type=\"section\">\n\t\t\t\t\t\t<div class=\"elementor-container elementor-column-gap-default\">\n\t\t\t\t\t<div class=\"elementor-column elementor-col-100 elementor-top-column elementor-element elementor-element-b75f04f\" data-id=\"b75f04f\" data-element_type=\"column\" data-e-type=\"column\">\n\t\t\t<div class=\"elementor-widget-wrap elementor-element-populated\">\n\t\t\t\t\t\t<div class=\"elementor-element elementor-element-27a1ca18 elementor-widget elementor-widget-text-editor\" data-id=\"27a1ca18\" data-element_type=\"widget\" data-e-type=\"widget\" data-widget_type=\"text-editor.default\">\n\t\t\t\t<div class=\"elementor-widget-container\">\n\t\t\t\t\t\t\t\t\t<p><\/p>\n<p><\/p>\n<p><\/p>\n<p><\/p>\n<p><\/p>\n<p><\/p>\n<p><\/p>\n<p>\u00a0<\/p>\n<p>En <strong>M\u00e9dicos Sin Fronteras<\/strong>\u00a0llevamos casi 50 a\u00f1os brindando ayuda m\u00e9dico humanitaria a personas amenazadas por conflictos armados, violencia, epidemias o enfermedades olvidadas, desastres naturales o que est\u00e1n excluidas de la atenci\u00f3n m\u00e9dica.<\/p>\n<p><b>Actualmente trabajamos en m\u00e1s de 70 pa\u00edses llevando atenci\u00f3n m\u00e9dica de calidad, independiente y gratuita a millones de personas que la necesitan con urgencia.<\/b><\/p>\n<p><\/p>\n<p><\/p>\n<p>\u00a0<\/p>\t\t\t\t\t\t\t\t<\/div>\n\t\t\t\t<\/div>\n\t\t\t\t<div class=\"elementor-element elementor-element-bc8d1bf elementor-widget elementor-widget-video\" data-id=\"bc8d1bf\" data-element_type=\"widget\" data-e-type=\"widget\" data-settings=\"{&quot;youtube_url&quot;:&quot;https:\\\/\\\/youtu.be\\\/Naz2Yxklafs&quot;,&quot;video_type&quot;:&quot;youtube&quot;,&quot;controls&quot;:&quot;yes&quot;}\" data-widget_type=\"video.default\">\n\t\t\t\t<div class=\"elementor-widget-container\">\n\t\t\t\t\t\t\t<div class=\"elementor-wrapper elementor-open-inline\">\n\t\t\t<div class=\"elementor-video\"><\/div>\t\t<\/div>\n\t\t\t\t\t\t<\/div>\n\t\t\t\t<\/div>\n\t\t\t\t<div class=\"elementor-element elementor-element-581bfca elementor-widget elementor-widget-text-editor\" data-id=\"581bfca\" data-element_type=\"widget\" data-e-type=\"widget\" data-widget_type=\"text-editor.default\">\n\t\t\t\t<div class=\"elementor-widget-container\">\n\t\t\t\t\t\t\t\t\t<p>En MSF ayudamos a las personas independientemente de su raza, religi\u00f3n, g\u00e9nero o afiliaci\u00f3n pol\u00edtica; y adem\u00e1s no tomamos partido en ning\u00fan conflicto. Nuestros equipos siempre se desplazan a los lugares donde las necesidades de las personas son mayores.\u00a0<\/p>\n<p>Somos una organizaci\u00f3n independiente de agendas pol\u00edticas, econ\u00f3micas y religiosas, y esto nos da la oportunidad de ayudar a estas poblaciones con necesidades, sin importar d\u00f3nde est\u00e1n, qui\u00e9nes son, o por qu\u00e9 se encuentran en esa situaci\u00f3n.<\/p>\n<p>En M\u00e9dicos Sin Fronteras estamos donde otros no llegan, y esa es parte de nuestra naturaleza como organizaci\u00f3n.\u00a0<\/p>\t\t\t\t\t\t\t\t<\/div>\n\t\t\t\t<\/div>\n\t\t\t\t<div class=\"elementor-element elementor-element-d8f3987 elementor-widget elementor-widget-text-editor\" data-id=\"d8f3987\" data-element_type=\"widget\" data-e-type=\"widget\" data-widget_type=\"text-editor.default\">\n\t\t\t\t<div class=\"elementor-widget-container\">\n\t\t\t\t\t\t\t\t\t<h2 style=\"text-align: center;\">En M\u00e9dicos Sin Fronteras, salvar vidas es nuestra vida<\/h2>\t\t\t\t\t\t\t\t<\/div>\n\t\t\t\t<\/div>\n\t\t\t\t<div class=\"elementor-element elementor-element-1252717 elementor-widget elementor-widget-text-editor\" data-id=\"1252717\" data-element_type=\"widget\" data-e-type=\"widget\" data-widget_type=\"text-editor.default\">\n\t\t\t\t<div class=\"elementor-widget-container\">\n\t\t\t\t\t\t\t\t\t<p style=\"text-align: center;\"><b>Ay\u00fadanos con un donativo recurrente<\/b><\/p>\t\t\t\t\t\t\t\t<\/div>\n\t\t\t\t<\/div>\n\t\t\t\t<div class=\"elementor-element elementor-element-75eab5e elementor-align-center elementor-widget elementor-widget-button\" data-id=\"75eab5e\" data-element_type=\"widget\" data-e-type=\"widget\" data-widget_type=\"button.default\">\n\t\t\t\t<div class=\"elementor-widget-container\">\n\t\t\t\t\t\t\t\t\t<div class=\"elementor-button-wrapper\">\n\t\t\t\t\t<a class=\"elementor-button elementor-button-link elementor-size-lg\" href=\"https:\/\/dona.msf.mx\/?utm_source=CABJLPBTSVV1P&#038;utm_fuente=landing&#038;utm_medio=bot&#038;utm_campaign=salvarvidasesnuestravida&#038;utm_segment=mass-prospect\">\n\t\t\t\t\t\t<span class=\"elementor-button-content-wrapper\">\n\t\t\t\t\t\t\t\t\t<span class=\"elementor-button-text\">DONA HOY <\/span>\n\t\t\t\t\t<\/span>\n\t\t\t\t\t<\/a>\n\t\t\t\t<\/div>\n\t\t\t\t\t\t\t\t<\/div>\n\t\t\t\t<\/div>\n\t\t\t\t<div class=\"elementor-element elementor-element-d889317 elementor-widget elementor-widget-text-editor\" data-id=\"d889317\" data-element_type=\"widget\" data-e-type=\"widget\" data-widget_type=\"text-editor.default\">\n\t\t\t\t<div class=\"elementor-widget-container\">\n\t\t\t\t\t\t\t\t\t<p style=\"text-align: center;\">Te invitamos a seguirnos en las principales redes sociales para conocer m\u00e1s de nuestra labor en M\u00e9xico y el mundo.<\/p>\t\t\t\t\t\t\t\t<\/div>\n\t\t\t\t<\/div>\n\t\t\t\t<div class=\"elementor-element elementor-element-3ff059e elementor-shape-circle elementor-grid-0 e-grid-align-center elementor-widget elementor-widget-social-icons\" data-id=\"3ff059e\" data-element_type=\"widget\" data-e-type=\"widget\" data-widget_type=\"social-icons.default\">\n\t\t\t\t<div class=\"elementor-widget-container\">\n\t\t\t\t\t\t\t<div class=\"elementor-social-icons-wrapper elementor-grid\" role=\"list\">\n\t\t\t\t\t\t\t<span class=\"elementor-grid-item\" role=\"listitem\">\n\t\t\t\t\t<a class=\"elementor-icon elementor-social-icon elementor-social-icon-facebook-f elementor-repeater-item-4366234\" href=\"https:\/\/www.facebook.com\/MSF.Mexico\" target=\"_blank\">\n\t\t\t\t\t\t<span class=\"elementor-screen-only\">Facebook-f<\/span>\n\t\t\t\t\t\t<i aria-hidden=\"true\" class=\"fab fa-facebook-f\"><\/i>\t\t\t\t\t<\/a>\n\t\t\t\t<\/span>\n\t\t\t\t\t\t\t<span class=\"elementor-grid-item\" role=\"listitem\">\n\t\t\t\t\t<a class=\"elementor-icon elementor-social-icon elementor-social-icon-twitter elementor-repeater-item-69873a2\" href=\"https:\/\/twitter.com\/MSF_Mexico\" target=\"_blank\">\n\t\t\t\t\t\t<span class=\"elementor-screen-only\">Twitter<\/span>\n\t\t\t\t\t\t<i aria-hidden=\"true\" class=\"fab fa-twitter\"><\/i>\t\t\t\t\t<\/a>\n\t\t\t\t<\/span>\n\t\t\t\t\t\t\t<span class=\"elementor-grid-item\" role=\"listitem\">\n\t\t\t\t\t<a class=\"elementor-icon elementor-social-icon elementor-social-icon-youtube elementor-repeater-item-cd33efc\" href=\"https:\/\/www.youtube.com\/c\/msfmexico\" target=\"_blank\">\n\t\t\t\t\t\t<span class=\"elementor-screen-only\">Youtube<\/span>\n\t\t\t\t\t\t<i aria-hidden=\"true\" class=\"fab fa-youtube\"><\/i>\t\t\t\t\t<\/a>\n\t\t\t\t<\/span>\n\t\t\t\t\t\t\t<span class=\"elementor-grid-item\" role=\"listitem\">\n\t\t\t\t\t<a class=\"elementor-icon elementor-social-icon elementor-social-icon-instagram elementor-repeater-item-732cdd2\" href=\"https:\/\/www.instagram.com\/msf_mexico\/\" target=\"_blank\">\n\t\t\t\t\t\t<span class=\"elementor-screen-only\">Instagram<\/span>\n\t\t\t\t\t\t<i aria-hidden=\"true\" class=\"fab fa-instagram\"><\/i>\t\t\t\t\t<\/a>\n\t\t\t\t<\/span>\n\t\t\t\t\t\t\t<span class=\"elementor-grid-item\" role=\"listitem\">\n\t\t\t\t\t<a class=\"elementor-icon elementor-social-icon elementor-social-icon-linkedin elementor-repeater-item-419954c\" href=\"http:\/\/linkedin.com\/company\/medicos-sin-fronteras-mexico\" target=\"_blank\">\n\t\t\t\t\t\t<span class=\"elementor-screen-only\">Linkedin<\/span>\n\t\t\t\t\t\t<i aria-hidden=\"true\" class=\"fab fa-linkedin\"><\/i>\t\t\t\t\t<\/a>\n\t\t\t\t<\/span>\n\t\t\t\t\t<\/div>\n\t\t\t\t\t\t<\/div>\n\t\t\t\t<\/div>\n\t\t\t\t\t<\/div>\n\t\t<\/div>\n\t\t\t\t\t<\/div>\n\t\t<\/section>\n\t\t\t\t<\/div>\n\t\t","protected":false},"excerpt":{"rendered":"<p>\u00a0 En M\u00e9dicos Sin Fronteras\u00a0llevamos casi 50 a\u00f1os brindando ayuda m\u00e9dico humanitaria a personas amenazadas por conflictos armados, violencia, epidemias o enfermedades [&hellip;]<\/p>\n","protected":false},"author":1,"featured_media":0,"parent":0,"menu_order":0,"comment_status":"closed","ping_status":"closed","template":"page-templates\/page_front-page.php","meta":{"om_disable_all_campaigns":false,"_monsterinsights_skip_tracking":false,"_monsterinsights_sitenote_active":false,"_monsterinsights_sitenote_note":"","_monsterinsights_sitenote_category":0,"footnotes":""},"class_list":["post-12","page","type-page","status-publish","hentry"],"jetpack_sharing_enabled":true,"_links":{"self":[{"href":"https:\/\/cst.zro.mybluehost.me\/salvarvidasesnuestravida\/index.php?rest_route=\/wp\/v2\/pages\/12","targetHints":{"allow":["GET"]}}],"collection":[{"href":"https:\/\/cst.zro.mybluehost.me\/salvarvidasesnuestravida\/index.php?rest_route=\/wp\/v2\/pages"}],"about":[{"href":"https:\/\/cst.zro.mybluehost.me\/salvarvidasesnuestravida\/index.php?rest_route=\/wp\/v2\/types\/page"}],"author":[{"embeddable":true,"href":"https:\/\/cst.zro.mybluehost.me\/salvarvidasesnuestravida\/index.php?rest_route=\/wp\/v2\/users\/1"}],"replies":[{"embeddable":true,"href":"https:\/\/cst.zro.mybluehost.me\/salvarvidasesnuestravida\/index.php?rest_route=%2Fwp%2Fv2%2Fcomments&post=12"}],"version-history":[{"count":5,"href":"https:\/\/cst.zro.mybluehost.me\/salvarvidasesnuestravida\/index.php?rest_route=\/wp\/v2\/pages\/12\/revisions"}],"predecessor-version":[{"id":30,"href":"https:\/\/cst.zro.mybluehost.me\/salvarvidasesnuestravida\/index.php?rest_route=\/wp\/v2\/pages\/12\/revisions\/30"}],"wp:attachment":[{"href":"https:\/\/cst.zro.mybluehost.me\/salvarvidasesnuestravida\/index.php?rest_route=%2Fwp%2Fv2%2Fmedia&parent=12"}],"curies":[{"name":"wp","href":"https:\/\/api.w.org\/{rel}","templated":true}]}}